{"id":1127,"date":"2012-05-31T10:31:56","date_gmt":"2012-05-31T09:31:56","guid":{"rendered":"http:\/\/www.urolatriatloia.com\/?page_id=1127"},"modified":"2016-10-05T14:22:57","modified_gmt":"2016-10-05T13:22:57","slug":"pa","status":"publish","type":"page","link":"https:\/\/www.urolatriatloia.com\/es\/pa\/","title":{"rendered":"Palmar\u00e9s"},"content":{"rendered":"<p><\/p>\n<h1>2014<\/h1>\n<ul>\n<li>Josetxo Mujika, <strong>2\u00ba en el triatl\u00f3n de invierno de Ans\u00f3<\/strong>, en veteranos II<\/li>\n<li>Josetxo Mujika, <strong>campe\u00f3n de Espa\u00f1a de triatl\u00f3n de invierno<\/strong>, en el grupo de edad 55-59<\/li>\n<li>Josetxo Mujika, <strong>subcampe\u00f3n de Euskadi de duatl\u00f3n sprint, <\/strong>en veteranos II<\/li>\n<li>Josetxo Mujika,<strong> 2\u00ba en el duatl\u00f3n de Sopelana, <\/strong>en veteranos II<\/li>\n<\/ul>\n<h1>2013<\/h1>\n<ul>\n<li>Josetxo Mujika, <strong>campe\u00f3n de Espa\u00f1a de triatl\u00f3n de invierno<\/strong>, en el grupo de edad 55-59<\/li>\n<li>Juan Carlos Rueda, <strong>3\u00ba en el duatl\u00f3n de Barakaldo<\/strong>, en veteranos I<\/li>\n<li>Josetxo Mujika, <strong>vencedor del triatl\u00f3n de invierno del Roncal<\/strong>, en veteranos II<\/li>\n<li>Josetxo Mujika, <strong>campe\u00f3n de Euskadi de triatl\u00f3n de invierno<\/strong>, en veteranos II<\/li>\n<li>Josetxo Mujika, <strong>campe\u00f3n de Euskadi de duatl\u00f3n de corta distancia<\/strong>, en veteranos II<\/li>\n<li>Josetxo Mujika, <strong>vencedor del duatl\u00f3n de Durango<\/strong>, en veteranos II<\/li>\n<li>Ibone Sanchez, <strong>2\u00aa en el duatl\u00f3n de Basauri<\/strong><\/li>\n<li>Uxue Fernandez, <strong>3\u00aa en el duatl\u00f3n de Basauri<\/strong><\/li>\n<li>Josetxo Mujika, <strong>vencedor en el duatl\u00f3n de Basauri<\/strong>, en veteranos II<\/li>\n<li>Ibone Sanchez,<strong> 2\u00aa en el duatl\u00f3n internacional de Gernika<\/strong><\/li>\n<li>Equipo femenino, <strong>vencedoras en el duatl\u00f3n contrarreloj del Valle de Eg\u00fces<\/strong><\/li>\n<li>Ibone Sanchez,<strong> 2\u00aa en el triatl\u00f3n de Bermeo<br \/>\n<\/strong><\/li>\n<li>Ibone Sanchez,<strong> 3\u00aa en el triatl\u00f3n de Deba<\/strong><\/li>\n<li>Ibone Sanchez, <strong>subcampeona de Euskadi en triatl\u00f3n de distancia sprint<br \/>\n<\/strong><\/li>\n<li>Josetxo Mujika, <strong>2\u00ba en el Ironman de Lanzarote<\/strong>, GGEE 55-59<\/li>\n<li>Ibone Sanchez, <strong>2\u00aa en el triatl\u00f3n de Hondarribia<\/strong><\/li>\n<li>Equipo femenino, <strong>3\u00ba en el triatl\u00f3n de Hondarribia<\/strong><\/li>\n<li>Ibone Sanchez, <strong>2\u00aa en el triatl\u00f3n de Ondarroa<\/strong><\/li>\n<li>Ibone Sanchez,<strong> vencedora del triatl\u00f3n de Aritzaleku<\/strong><\/li>\n<li>Ibone Sanchez,<strong> 3\u00aa en el triatl\u00f3n de Lekeitio<\/strong><\/li>\n<li>Equipo femenino,<strong> vencedoras en el triatl\u00f3n de Lekeitio<\/strong><\/li>\n<li>Ibone Sanchez,<strong> 3\u00aa en el triatl\u00f3n internacional de Donostia<br \/>\n<\/strong><\/li>\n<li>Equipo femenino, <strong>vencedoras en el triatl\u00f3n internacional de Donostia<br \/>\n<\/strong><\/li>\n<li>Ibone Sanchez,<strong> campeona de Gipuzkoa de triatl\u00f3n ol\u00edmpico<\/strong><\/li>\n<li>Ibone Sanchez, <strong>campeona de Euskadi de triatl\u00f3n ol\u00edmpico<\/strong><\/li>\n<li>Equipo femenino,<strong> campeonas de Euskadi de triatl\u00f3n ol\u00edmpico<\/strong><\/li>\n<li>Josetxo Mujika,<strong> vencedor en el triatl\u00f3n de Garai, en veteranos II<\/strong><\/li>\n<li>Equipo masculino, <strong>2\u00ba en el triatl\u00f3n de Garai<\/strong><\/li>\n<li>Josetxo Mujika, <strong>campe\u00f3n de Euskadi de triatl\u00f3n de media distancia<\/strong><\/li>\n<li>Equipo masculino, <strong>subcampe\u00f3n de Euskadi de triatl\u00f3n de media distancia<\/strong><\/li>\n<li>Ibone Sanchez, <strong>vencedora del acuatl\u00f3n de Plentzia<\/strong><\/li>\n<li>Jos\u00e9 Manuel Ben\u00edtez, <strong>3\u00ba en el campeonato de Euskadi de acuatl\u00f3n, <\/strong>en veteranos I<strong><br \/>\n<\/strong><\/li>\n<li>Ibone Sanchez,<strong> campeona de Euskadi de acuatl\u00f3n<\/strong><\/li>\n<li>Equipo femenino,<strong> vencedoras en el triatl\u00f3n de Tudela<\/strong><\/li>\n<li>Ibone Sanchez,<strong> 2\u00aa en el triatl\u00f3n CN Pamplona<\/strong><\/li>\n<li>Equipo femenino, <strong>vencedoras en el triatl\u00f3n CN Pamplona<\/strong><\/li>\n<li>Ibone Sanchez, <strong>2\u00aa en el acuatl\u00f3n de Noja<\/strong><\/li>\n<li>Ibone Sanchez,<strong> vencedora en el triatl\u00f3n de Pareja<\/strong><\/li>\n<li>Ibone Sanchez,<strong> vencedora en el Wild Wolf Triathlon Series de Donostia<br \/>\n<\/strong><\/li>\n<li><strong>Equipo masculino, subcampe\u00f3n del circuito Vasco-Navarro de duatl\u00f3n<br \/>\n<\/strong><\/li>\n<li>Ibone Sanchez,<strong> campeona del circuito Vasco-Navarro de triatl\u00f3n<\/strong><\/li>\n<li><strong>Equipo femenino, subcampeonas del circuito Vasco-Navarro de triatl\u00f3n<\/strong><\/li>\n<\/ul>\n<h1>2012<\/h1>\n<ul>\n<li>Josetxo Mujika, <strong>campe\u00f3n de Espa\u00f1a en triatl\u00f3n de invierno<\/strong>, en grupo de edad 55-59<\/li>\n<li>Josetxo Mujika, <strong>campe\u00f3n del triatl\u00f3n de invierno Valle de Roncal<\/strong>, en veteranos II<\/li>\n<li>Josetxo Mujika, <strong>campe\u00f3n de Euskadi de triatl\u00f3n de invierno<\/strong>, en veteranos II<\/li>\n<li>Josetxo Mujika, <strong>campe\u00f3n del duatl\u00f3n de O\u00f1ati<\/strong>, en veteranos II<\/li>\n<li>Josetxo Mujika,<strong> campe\u00f3n de Gipuzkoa de duatl\u00f3n de corta distancia<\/strong>, en veteranos II<\/li>\n<li>Josetxo Mujika, <strong>campe\u00f3n del duatl\u00f3n de Basauri<\/strong>, en veteranos II<\/li>\n<li>Equipo masculino, <strong>3\u00ba en el duatl\u00f3n de Altsasu<\/strong>.<\/li>\n<li>Josetxo Mujika, <strong>campe\u00f3n del duatl\u00f3n de Altsasu<\/strong>, en veteranos II.<\/li>\n<li>Josetxo Mujika,<strong> campe\u00f3n del duatl\u00f3n de Durango<\/strong>, en veteranos II.<\/li>\n<li>Josetxo Mujika, <strong>campe\u00f3n de Euskadi de duatl\u00f3n de corta distancia<\/strong>, en veteranos II.<\/li>\n<li>Lorena Hern\u00e1ndez, <strong>campeona del duatl\u00f3n Villa de Gij\u00f3n<\/strong>, en grupo de edad 25-29<\/li>\n<li>Iv\u00e1n Gonz\u00e1lez, <strong>3\u00ba en el duatl\u00f3n Villa de Gij\u00f3n<\/strong>, en grupo de edad 25-29<\/li>\n<li>Josetxo Mujika, <strong>campe\u00f3n del duatl\u00f3n de Gernika<\/strong>, en veteranos II<\/li>\n<li>Josetxo Mujika,<strong> campe\u00f3n de Euskadi de duatl\u00f3n sprint<\/strong>, en veteranos II<\/li>\n<li>Gurutze Altuna, <strong>campeona del triatl\u00f3n de invierno del Valle de Benasque<\/strong><\/li>\n<\/ul>\n<ul>\n<li>Aintxi\u00f1e Kerejeta, <strong>subcampeona del duatl\u00f3n de Galilea<\/strong><\/li>\n<li>Josetxo Mujika, <strong>vencedor del duatl\u00f3n de Azkoitia<\/strong>, en veteranos II<\/li>\n<li>Josetxo Mujika, <strong>3\u00ba en el triatl\u00f3n de Bermeo, <\/strong>en veteranos II<\/li>\n<li>Josetxo Mujika, <strong>3\u00ba en el campeonato de Euskadi de triatl\u00f3n sprint<\/strong> en veteranos II<\/li>\n<li>Josetxo Mujika, <strong>Bilboko triatloiean Txapeldun<\/strong>, beterano II mailan<\/li>\n<li>Ibone Sanchez, <strong>3\u00aa en el triatl\u00f3n de Hondarribi<\/strong><\/li>\n<li>Equipo femenino, <strong>3\u00ba <\/strong><strong>en el triatl\u00f3n de Hondarribi<\/strong><\/li>\n<li>Ibone Sanchez, <strong>subcampeona de Gipuzkoa de triatl\u00f3n sprint<br \/>\n<\/strong><\/li>\n<li>Equipo femenino, <strong>subcampeonas de Gipuzkoa de triatl\u00f3n sprint<\/strong><\/li>\n<li>Josetxo Mujika, <strong>2\u00ba en el triatl\u00f3n de Ondarroa<\/strong>, en veteranos II<\/li>\n<li>Josetxo Mujika, <strong>subcampe\u00f3n de Euskadi de triatl\u00f3n ol\u00edmpico<\/strong>, en veternaos II<\/li>\n<li>Ibone Sanchez, <strong>subcampeona del triatl\u00f3n de Donostia<\/strong><\/li>\n<li>Ibone Sanchez, <strong>campeona sub23 del triatl\u00f3n de Donostia<\/strong><\/li>\n<li>Equipo femenino, <strong>subcampeonas en el triatl\u00f3n de Donostia<\/strong><\/li>\n<li>Ibone Sanchez, <strong>subcampeona de Gipuzkoa de triatl\u00f3n ol\u00edmpico<\/strong><\/li>\n<li>Ibone Sanchez, <strong>subcampeona del triatl\u00f3n de Tudela<\/strong><\/li>\n<li>Ibone Sanchez, <strong>vencedora en el triatl\u00f3n de Tudela<\/strong> en sub23<\/li>\n<li>Ibone Sancnez, <strong>subcampeona del triatl\u00f3n CN Pamplona<\/strong><\/li>\n<li>Ibone Sanchez, <strong>vencedora en el triatl\u00f3n CN Pamplona<\/strong> en sub23<\/li>\n<li>Ibone Sanchez, <strong>vencedora en el triatl\u00f3n de Barakaldo<\/strong><\/li>\n<li>Ibone Sanchez, <strong>3\u00aa en el triatl\u00f3n de Pontevedra<\/strong>, en sub23<\/li>\n<li>Ibone Sanchez, <strong>vencedora en el acuatl\u00f3n de Plentzia<\/strong><\/li>\n<li>Ibone Sanchez, <strong>campeona de Euskadi de acuatl\u00f3n<\/strong><\/li>\n<li>Ibone Sanchez, <strong>2\u00aa en el acuatl\u00f3n de Noja<\/strong><\/li>\n<li>Ibone Sanchez, <strong>vencedora en el acuatl\u00f3n de Noja<\/strong>, sub23<\/li>\n<li>Ibone Sanchez, <strong>2\u00aa en el triatl\u00f3n de Pareja<\/strong><\/li>\n<li>Josetxo Mujika, <strong>subcampe\u00f3n del circuito Vasco-Navarro de duatl\u00f3n<\/strong>, en veteranos II<\/li>\n<li>Ibone Sanchez, <strong>subcampeona del circuito Vasco-Navarro de triatl\u00f3n<\/strong>, sub23<\/li>\n<li>Uxue Fernandez, <strong>subcampeona del duatl\u00f3n cross de Zubieta<\/strong><\/li>\n<li>Ibone Sanchez, <strong>2\u00aa en el duatl\u00f3n de Orozko<\/strong><\/li>\n<\/ul>\n<h1>2011<\/h1>\n<ul>\n<li>Josetxo Mujika, <strong>campe\u00f3n de Espa\u00f1a en triatl\u00f3n de invierno<\/strong>, en grupo de edad 50-54<\/li>\n<li>Gema Hernandez,<strong> subcampeona de Espa\u00f1a en triatl\u00f3n de invierno<\/strong>, en grupo de edad 30-34<\/li>\n<li>Gema Hernandez, <strong>subcampeona del duatl\u00f3n de Rivas<\/strong>, <strong>campeona<\/strong> en su grupo de edad<\/li>\n<li>Josetxo Mujika, <strong>campe\u00f3n del duatl\u00f3n de Mungia<\/strong>, en veteranos II<\/li>\n<li>Gema Hernandez, <strong>campeona de Euskadi de triatl\u00f3n de invierno<\/strong><\/li>\n<li>Josetxo Mujika, <strong>campe\u00f3n de Euskadi de triatl\u00f3n de invierno<\/strong>, en veteranos II<\/li>\n<li>Gema Hernandez, <strong>3\u00aa en el triatl\u00f3n de Isaba<\/strong><\/li>\n<li>Ibone S\u00e1nchez, <strong>campeona de Euskadi de duatl\u00f3n sprint<\/strong>, sub-23<\/li>\n<li>Ibone S\u00e1nchez, <strong>campeona en el duatl\u00f3n de Basauri<\/strong>, sub-23<\/li>\n<li>Josetxo Mujika, <strong>campe\u00f3n de el duatl\u00f3n de O\u00f1ati<\/strong>, en veteranos II<\/li>\n<li>Josetxo Mujika, <strong>campe\u00f3n de Euskadi de duatl\u00f3n de distancia corta<\/strong>, en veteranos II<\/li>\n<li>Josetxo Mujika, <strong>campe\u00f3n en el duatl\u00f3n de Durango<\/strong>, en veteranos II<\/li>\n<li>Josetxo Mujika, <strong>campe\u00f3n de Euskadi de duatl\u00f3n de distancia larga<\/strong>, en veteranos II<\/li>\n<li>Josetxo Mujika, <strong>campe\u00f3n en el duatl\u00f3n de Arrigorriaga<\/strong>, en veteranos II<\/li>\n<li>Gema Hern\u00e1ndez, <strong>campeona de Espa\u00f1a de duatl\u00f3n<\/strong>, en grupo de edad 30-35<\/li>\n<li>Josetxo Mujika, <strong>campe\u00f3n en el duatl\u00f3n de Eibar<\/strong>, en veteranos II<\/li>\n<li>Josetxo Mujika, <strong>campe\u00f3n de Gipuzkoa en duatl\u00f3n sprint<\/strong>, en veteranos II<\/li>\n<li>Eduardo P\u00e9rez, <strong>subcampe\u00f3n de Gipuzkoa en duatl\u00f3n sprint<\/strong>, en veteranos I<\/li>\n<li>Josetxo Mujika, <strong>campe\u00f3n en el triatl\u00f3n de Bermeo<\/strong>, en veteranos II<\/li>\n<li>Josetxo Mujika, <strong>campe\u00f3n en el duatl\u00f3n de Bilbao<\/strong>, en veteranos II<\/li>\n<li>Equipo femenino,<strong> 3\u00aa en el triatl\u00f3n de Hondarribi<\/strong><\/li>\n<li>Josetxo Mujika, <strong>campe\u00f3n en el triatl\u00f3n de Hondarribi<\/strong>, en veteranos II<\/li>\n<li>Gema Hern\u00e1ndez, <strong>3\u00aa en el campeonato de Gipuzkoa de triatl\u00f3n de media distancia<\/strong><\/li>\n<li>Josetxo Mujika, <strong>campe\u00f3n en el triatl\u00f3n de Zarautz<\/strong>, en veteranos II<\/li>\n<li>Josetxo Mujika, <strong>campe\u00f3n en el campeonato de Gipuzkoa de triatl\u00f3n de media distancia<\/strong>, en veteranos II<\/li>\n<li>Josetxo Mujika, <strong>subcampe\u00f3n en el VI. sprint triatl\u00f3n de Gipuzkoa<\/strong>, en veteranos II<\/li>\n<li>Ainhoa Garc\u00eda, <strong>3\u00aa en el campeonato de Gipuzkoa de triatl\u00f3n sprint<\/strong><\/li>\n<li>Josetxo Mujika, <strong>subcampe\u00f3n en el campeonato de Gipuzkoa de triatl\u00f3n sprint<\/strong>, en veteranos II<\/li>\n<li>Josetxo Mujika, <strong>campe\u00f3n en el triatl\u00f3n de Lekeitio<\/strong>, en veteranos II<\/li>\n<li>Equipo femenino, <strong>3\u00ba en el triatl\u00f3n de Lekeitio<\/strong><\/li>\n<li>Josetxo Mujika, <strong>campe\u00f3n de Euskadi de triatl\u00f3n sprint<\/strong>, en veteranos II<\/li>\n<li>Equipo femenino, <strong>3\u00ba en el campeonato de Euskadi de triatl\u00f3n sprint<\/strong><\/li>\n<li>Equipo femenino, <strong>subcampeonas del triatl\u00f3n contrarreloj supersprint de Donostia<\/strong><\/li>\n<li>Josetxo Mujika, <strong>campe\u00f3n en el triatl\u00f3n internacional memorial Onditz<\/strong>, en veteranos II<\/li>\n<li>Juan Carlos Rueda, <strong>campe\u00f3n del triatl\u00f3n de Garai<\/strong>, en veteranos I<\/li>\n<li>Gema Hern\u00e1ndez, <strong>3\u00aa en el triatl\u00f3n de Tudela<\/strong><\/li>\n<li>Josetxo Mujika, <strong>subcampe\u00f3n en el triatl\u00f3n de Tudela<\/strong>, en veteranos II<\/li>\n<li>Equipo femenino, <strong>campeonas en el triatl\u00f3n de Tudela<\/strong><\/li>\n<li>Ibone S\u00e1nchez, <strong>campeona del acuatl\u00f3n de Plentzia<\/strong><\/li>\n<li>Ibone S\u00e1nchez, <strong>campeona de Euskadi de acuatl\u00f3n<\/strong><\/li>\n<li>Gema Hern\u00e1ndez, <strong>3\u00aa en el <\/strong><strong>\u201cTriathlon Series By Polar\u201d de Barcelona<\/strong><\/li>\n<li>Equipo femenino, <strong>campeonas del triatl\u00f3n Virgen Blanca<\/strong><\/li>\n<li>Ainhoa Garc\u00eda,<strong> campeona de Espa\u00f1a de triatl\u00f3n de media distancia<\/strong>, grupo de edad 30-35<\/li>\n<li>Aintxi\u00f1e Kerejeta, <strong>subcampeona del triatl\u00f3n de El Rasillo<\/strong><\/li>\n<li>Gema Hern\u00e1ndez, <strong>3\u00aa en el triatl\u00f3n de Allariz<\/strong><\/li>\n<li>Gema Hern\u00e1ndez, <strong>2\u00aa en el triatl\u00f3n de Barakaldo<\/strong><\/li>\n<li>Gurutze Altuna, <strong>campeona del duatl\u00f3n cross de Ordu\u00f1a<\/strong><\/li>\n<li>Josetxo Mujika, <strong>subcampe\u00f3n del circuito Vasco-Navarro de duatl\u00f3n<\/strong> (vencedor en categor\u00eda veterano II)<\/li>\n<li>Josetxo Mujika, <strong>subcampe\u00f3n del circuito Vasco-Navarro de triatl\u00f3n<\/strong> en veteranos II<\/li>\n<\/ul>\n<h1>2010<\/h1>\n<ul>\n<li>Josetxo Mujika, <strong>campe\u00f3n de Espa\u00f1a en triatl\u00f3n de invierno<\/strong> en veteranos II <a href=\"..\/?p=552&amp;lang=es\">\u2663<\/a><\/li>\n<li>Equipo femenino, <strong>campeonas de duatl\u00f3n de Basauri<\/strong> <a href=\"..\/?p=560&amp;lang=es\">\u2663<\/a><\/li>\n<li>Gurutze Altuna, <strong>subcampeona de Gipuzkoa de duatl\u00f3n de distancia corta<\/strong> <a href=\"..\/?p=565&amp;lang=es\">\u2663<\/a><\/li>\n<li>Equipo femenino, <strong>campeonas del duatl\u00f3n de O\u00f1ati<\/strong> <a href=\"..\/?p=565&amp;lang=es\">\u2663<\/a><\/li>\n<li>Aintxi\u00f1e Kerejeta, <strong>3\u00aa en el duatl\u00f3n de Galilea<\/strong> <a href=\"..\/?p=586&amp;lang=es\">\u2663<\/a><\/li>\n<li>Josetxo Mujika, <strong>campe\u00f3n de Euskadi de duatl\u00f3n de larga distancia<\/strong> en veterano II <a href=\"..\/?p=591&amp;lang=es\">\u2663<\/a><\/li>\n<li>Equipo femenino, <strong>campeonas del duatl\u00f3n de San Adri\u00e1n<\/strong> <a href=\"..\/?p=591&amp;lang=es\">\u2663<\/a><\/li>\n<li>Equipo femenino, <strong>campeonas del duatl\u00f3n de Azkoitia<\/strong> <a href=\"..\/?p=591&amp;lang=es\">\u2663<\/a><\/li>\n<li>Equipo femenino, <strong>subcampeonas del triatl\u00f3n contrarreloj de Senpere<\/strong> <a href=\"..\/?p=597&amp;lang=es\">\u2663<\/a><\/li>\n<li>Equipo femenino<strong>, campeonas en el<\/strong> <strong>duatl\u00f3n de Ermua<\/strong> <a href=\"..\/?p=606&amp;lang=es\">\u2663<\/a><\/li>\n<li>Equipo femenino, <strong>campeonas en el duatl\u00f3n de <\/strong><strong>Altsasu <\/strong><a href=\"http:\/\/www.urolatriatloia.com\/?p=618&amp;lang=es\">\u2663<\/a><\/li>\n<li>Gurutze Altuna,<strong> 3\u00aa en el duatl\u00f3n de Altsasu <\/strong><a href=\"http:\/\/www.urolatriatloia.com\/?p=618&amp;lang=es\">\u2663 <\/a><\/li>\n<li>Equipo femenino, <strong>ganadoras del circuito Vasco-Navarro de duatl\u00f3n<\/strong> <a href=\"http:\/\/www.urolatriatloia.com\/?p=618&amp;lang=es\">\u2663<\/a><\/li>\n<li>Josetxo Mujika, <strong>campe\u00f3n de Euskadi en triatl\u00f3n sprint<\/strong> en veteranos II <a href=\"http:\/\/www.urolatriatloia.com\/?p=630\">\u2663<\/a><\/li>\n<li>Josetxo Mujika, <strong>campe\u00f3n de Euskadi en triatlon ol\u00edmpico<\/strong> en veteranos II <a href=\"http:\/\/www.urolatriatloia.com\/?p=630\">\u2663<\/a><\/li>\n<li>Josetxo Mujika, <strong>campe\u00f3n de Euskadi en triatl\u00f3n de distancia doble ol\u00edmpica<\/strong> en veteranos II <a href=\"http:\/\/www.urolatriatloia.com\/?p=636\">\u2663<\/a><\/li>\n<li>Gema Hern\u00e1ndez, <strong>campeona de Gipuzkoa en triatl\u00f3n sprint<\/strong> <a href=\"http:\/\/www.urolatriatloia.com\/?p=636\">\u2663<\/a><\/li>\n<li>Gema Hern\u00e1ndez, <strong>campeona en el triatl\u00f3n de Madrid<\/strong>, grupo de edad 30-35 <a href=\"http:\/\/www.urolatriatloia.com\/?p=634&amp;lang=es\">\u2663<\/a><\/li>\n<li>Jos\u00e9 Manuel Ben\u00edtez, <strong>campe\u00f3n de Gipuzkoa en triatl\u00f3n sprint<\/strong> en veteranos I <a href=\"http:\/\/www.urolatriatloia.com\/?p=636\">\u2663<\/a><\/li>\n<li>Josetxo Mujika, <strong>campe\u00f3n de Gipuzkoa en triatl\u00f3n sprint<\/strong> en veteranos II <a href=\"http:\/\/www.urolatriatloia.com\/?p=636\">\u2663<\/a><\/li>\n<li>Jon Azpiazu, <strong>subcampe\u00f3n de Europa en triatl\u00f3n de larga distancia<\/strong>, grupo de edad 25-29<\/li>\n<li>Jon Azpiazu, <strong>3\u00ba en el 1\/2 Ironman de La Caple<\/strong><\/li>\n<li>Josetxo Mujika, <strong>2\u00ba en el Cto. de Euskadi de acuatl\u00f3n<\/strong>, en veteranos II<\/li>\n<li>Jos\u00e9 Manuel Benitez, <strong>3\u00ba en el Cto. de Euskadi de acuatl\u00f3n<\/strong>, en veteranos I<\/li>\n<li>Aitor Alberdi, <strong>campe\u00f3n del UK IRONMAN<\/strong>, en grupo de edad 25-29<\/li>\n<li>Josetxo Mujika, <strong>campe\u00f3n en el triatl\u00f3n Club Nataci\u00f3n Pamplona<\/strong>, en veteranos II<\/li>\n<li>Josetxo Mujika, <strong>campe\u00f3n de Euskadi en duatl\u00f3n cross<\/strong>, en veteranos II<\/li>\n<li>Gurutze Altuna, <strong>subcampeona del circuito Vasco-Navarro de duatl\u00f3n 2010<\/strong><\/li>\n<li>Equipo femenino, <strong>campeonas del circuito Vasco-Navarro de duatl\u00f3n 2010<\/strong><\/li>\n<li>Equipo masculino, <strong>4\u00ba puesto en el circuito Vasco-Navarro de duatl\u00f3n<\/strong><\/li>\n<li>Josetxo Mujika, <strong>campe\u00f3n del circuito Vasco-Navarro de triatl\u00f3n<\/strong>, en veteranos II<\/li>\n<\/ul>\n<h1><strong>2009<\/strong><\/h1>\n<ul>\n<li>Josetxo Mujika, <strong>campe\u00f3n de Espa\u00f1a en triatl\u00f3n de invierno<\/strong> en veteranos II <a href=\"..\/?p=76&amp;lang=es\">\u2663<\/a><\/li>\n<li>Josetxo Mujika, <strong>campe\u00f3n de Gipuzkoa en duatl\u00f3n sprint<\/strong> en veteranos II <a href=\"..\/?p=137&amp;lang=es\">\u2663<\/a><\/li>\n<li>Josetxo Mujika, <strong>subcampe\u00f3n del circuito de Euskadi de duatl\u00f3n<\/strong> en veteranos II<\/li>\n<li>Josetxo Mujika, <strong>campe\u00f3n del mundo<\/strong> en el triatl\u00f3n Half-Challenge de polic\u00edas y bomberos en veterano II <a href=\"..\/?p=308&amp;lang=es\">\u2663<\/a><\/li>\n<li>Josetxo Mujika, <strong>subcampe\u00f3n del circuito de Euskadi de triatl\u00f3n<\/strong> en veteranos II<\/li>\n<li>Jon Azpiazu, <strong>campe\u00f3n de Epa\u00f1a <\/strong>en<strong> triatl\u00f3n de larga distancia<\/strong>, grupo de edad 25-29 <a href=\"..\/?p=473&amp;lang=es\">\u2663<\/a><\/li>\n<li>Aitor Alberdi, <strong>ganador del trofeo Euskal Herria <\/strong><a href=\"..\/?p=410&amp;lang=es\">\u2663<\/a><\/li>\n<li>Aitor Alberdi, <strong>ganador del triatl\u00f3n de Aritzaleku <\/strong><a href=\"..\/?p=500&amp;lang=es\">\u2663<\/a><\/li>\n<li>Aitor Alberdi, <strong>2\u00ba en el triatl\u00f3n de larga distancia de Guadalajara <\/strong><a href=\"..\/?p=519&amp;lang=es\">\u2663<\/a><\/li>\n<li>Joseba Alberdi, <strong>subcampe\u00f3n de Euskadi de triatl\u00f3n de larga distancia<\/strong> en sub23 <a href=\"..\/?p=390&amp;lang=es\">\u2663<\/a><\/li>\n<li>Equipo femenino,<strong> campeonas<\/strong> en el <strong>triatl\u00f3n de Ondarroa <\/strong><a href=\"..\/?p=370&amp;lang=es\">\u2663<\/a><\/li>\n<li>Equipo femenino,<strong> subcampeonas<\/strong> por equipos del <strong>circuito de duatl\u00f3n de Euskadi<\/strong><\/li>\n<li>Equipo femenino,<strong> terceras<\/strong> por equipos del <strong>circuito de triatl\u00f3n de Euskadi<\/strong><\/li>\n<\/ul>\n<p><\/p>","protected":false},"excerpt":{"rendered":"<p>2014 Josetxo Mujika, 2\u00ba en el triatl\u00f3n de invierno de Ans\u00f3, en veteranos II Josetxo Mujika, campe\u00f3n de Espa\u00f1a de triatl\u00f3n de invierno, en el grupo de edad 55-59 Josetxo Mujika, subcampe\u00f3n de Euskadi de duatl\u00f3n sprint, en veteranos II Josetxo Mujika, 2\u00ba en el duatl\u00f3n de Sopelana, en veteranos II 2013 Josetxo Mujika, campe\u00f3n&#8230; <\/p>\n<div class=\"link-more\"><a href=\"https:\/\/www.urolatriatloia.com\/es\/pa\/\">+<\/a><\/div>\n","protected":false},"author":2,"featured_media":0,"parent":0,"menu_order":0,"comment_status":"open","ping_status":"open","template":"","meta":{"footnotes":""},"class_list":["post-1127","page","type-page","status-publish","hentry"],"_links":{"self":[{"href":"https:\/\/www.urolatriatloia.com\/es\/wp-json\/wp\/v2\/pages\/1127","targetHints":{"allow":["GET"]}}],"collection":[{"href":"https:\/\/www.urolatriatloia.com\/es\/wp-json\/wp\/v2\/pages"}],"about":[{"href":"https:\/\/www.urolatriatloia.com\/es\/wp-json\/wp\/v2\/types\/page"}],"author":[{"embeddable":true,"href":"https:\/\/www.urolatriatloia.com\/es\/wp-json\/wp\/v2\/users\/2"}],"replies":[{"embeddable":true,"href":"https:\/\/www.urolatriatloia.com\/es\/wp-json\/wp\/v2\/comments?post=1127"}],"version-history":[{"count":73,"href":"https:\/\/www.urolatriatloia.com\/es\/wp-json\/wp\/v2\/pages\/1127\/revisions"}],"predecessor-version":[{"id":2421,"href":"https:\/\/www.urolatriatloia.com\/es\/wp-json\/wp\/v2\/pages\/1127\/revisions\/2421"}],"wp:attachment":[{"href":"https:\/\/www.urolatriatloia.com\/es\/wp-json\/wp\/v2\/media?parent=1127"}],"curies":[{"name":"wp","href":"https:\/\/api.w.org\/{rel}","templated":true}]}}