{"id":3,"date":"2009-03-02T20:02:25","date_gmt":"2009-03-02T19:02:25","guid":{"rendered":"http:\/\/www.urolagoiena.com\/wordpress\/?page_id=3"},"modified":"2016-01-17T23:02:34","modified_gmt":"2016-01-17T22:02:34","slug":"helburuak","status":"publish","type":"page","link":"https:\/\/www.urolatriatloia.com\/es\/helburuak\/","title":{"rendered":"Objetivos"},"content":{"rendered":"<p><\/p>\n<p style=\"text-align: justify;\">Debido a la alta participaci\u00f3n y el nivel ofrecido por atletas de nuestra comarca en pruebas de duatl\u00f3n y triatl\u00f3n, decidimos embarcar un nuevo proyecto para crear un equipo con personalidad propia, que uniera a todos los duatletas-triatletas de la comarca y acudir a competir en nombre de Urretxu y Zumarraga. As\u00ed pretendemos hacer un grupo homog\u00e9neo y solidario ofreci\u00e9ndonos facilidades y apoy\u00e1ndonos los unos a los otros, porque a pesar de que es un deporte individual, creemos que es indispensable el trabajo en grupo para la motivaci\u00f3n y la ilusi\u00f3n del deportista.<\/p>\n<p><a title=\"Argazkiak.html\" href=\"?page_id=36&amp;lang=es\"><img decoding=\"async\" id=\"id3\" class=\"aligncenter\" src=\"..\/..\/Eusk\/Helburuak_files\/1222334134368_f.png\" alt=\"\" \/><\/a><\/p>\n<h2>J\u00d3VENES<\/h2>\n<p style=\"text-align: justify;\">Uno nuestros principales objetivos es dar alternativa a los j\u00f3venes, ofrecerles un deporte espectacular que mezcla varias modalidades (ski, nataci\u00f3n, ciclismo y carrera a pie) y ayudarles tambi\u00e9n orient\u00e1ndoles con el entrenamiento. De la misma manera e indirectamente, estar\u00edamos llevando a los j\u00f3venes por unos h\u00e1bitos ejemplares que reflejan un estilo de vida saludable.<\/p>\n<h2>MUJERES<\/h2>\n<div style=\"text-align: justify;\">No nos podemos olvidar de la presencia de las mujeres. En \u00e9stas competiciones la participaci\u00f3n de ellas es mucho menor que la de los hombres, por eso, es un privilegio para nosotros poder contar con un equipo de chicas.<\/div>\n<h2>DISMINUIR GASTOS<\/h2>\n<p style=\"text-align: justify;\">Otros de los objetivos de nuestro proyecto es hacer frente al gasto econ\u00f3mico que sugiere nuestro deporte. Tenemos que asumir gran parte de los gastos de las diferentes modalidades que lo componen, adem\u00e1s de licencias e inscripciones para competir. Es b\u00e1sico contar con un apoyo econ\u00f3mico fuerte para fomentar este deporte entre los j\u00f3venes, pues creemos que todo aquel que quiera tomar parte en una actividad saludable, sociable y ejemplar como es el \u00a0duatlon-triatlon, no deber\u00eda tener ning\u00fan obst\u00e1culo, inclu\u00eddo el econ\u00f3mico.<\/p>\n<p><\/p>","protected":false},"excerpt":{"rendered":"<p>Debido a la alta participaci\u00f3n y el nivel ofrecido por atletas de nuestra comarca en pruebas de duatl\u00f3n y triatl\u00f3n, decidimos embarcar un nuevo proyecto para crear un equipo con personalidad propia, que uniera a todos los duatletas-triatletas de la comarca y acudir a competir en nombre de Urretxu y Zumarraga. As\u00ed pretendemos hacer un&#8230; <\/p>\n<div class=\"link-more\"><a href=\"https:\/\/www.urolatriatloia.com\/es\/helburuak\/\">+<\/a><\/div>\n","protected":false},"author":1,"featured_media":0,"parent":0,"menu_order":0,"comment_status":"open","ping_status":"open","template":"","meta":{"footnotes":""},"class_list":["post-3","page","type-page","status-publish","hentry"],"_links":{"self":[{"href":"https:\/\/www.urolatriatloia.com\/es\/wp-json\/wp\/v2\/pages\/3","targetHints":{"allow":["GET"]}}],"collection":[{"href":"https:\/\/www.urolatriatloia.com\/es\/wp-json\/wp\/v2\/pages"}],"about":[{"href":"https:\/\/www.urolatriatloia.com\/es\/wp-json\/wp\/v2\/types\/page"}],"author":[{"embeddable":true,"href":"https:\/\/www.urolatriatloia.com\/es\/wp-json\/wp\/v2\/users\/1"}],"replies":[{"embeddable":true,"href":"https:\/\/www.urolatriatloia.com\/es\/wp-json\/wp\/v2\/comments?post=3"}],"version-history":[{"count":15,"href":"https:\/\/www.urolatriatloia.com\/es\/wp-json\/wp\/v2\/pages\/3\/revisions"}],"predecessor-version":[{"id":1667,"href":"https:\/\/www.urolatriatloia.com\/es\/wp-json\/wp\/v2\/pages\/3\/revisions\/1667"}],"wp:attachment":[{"href":"https:\/\/www.urolatriatloia.com\/es\/wp-json\/wp\/v2\/media?parent=3"}],"curies":[{"name":"wp","href":"https:\/\/api.w.org\/{rel}","templated":true}]}}